{"id":540,"date":"2016-07-03T17:46:53","date_gmt":"2016-07-03T17:46:53","guid":{"rendered":"http:\/\/pehesse.fr\/honey\/?page_id=540"},"modified":"2016-07-03T17:46:53","modified_gmt":"2016-07-03T17:46:53","slug":"figuren","status":"publish","type":"page","link":"http:\/\/pehesse.fr\/honey\/de\/spielinfo\/figuren\/","title":{"rendered":"Figuren"},"content":{"rendered":"<p><strong><img loading=\"lazy\" class=\"alignnone wp-image-265 size-medium\" src=\"http:\/\/pehesse.fr\/honey\/wp-content\/uploads\/2014\/08\/MatchIntro_Eyes_Honey-300x112.png\" alt=\"\" width=\"300\" height=\"112\" srcset=\"http:\/\/pehesse.fr\/honey\/wp-content\/uploads\/2014\/08\/MatchIntro_Eyes_Honey-300x112.png 300w, http:\/\/pehesse.fr\/honey\/wp-content\/uploads\/2014\/08\/MatchIntro_Eyes_Honey.png 1024w\" sizes=\"(max-width: 300px) 100vw, 300px\" \/>\u00a0\u00a0\u00a0\u00a0 HONEY ROSE <\/strong><\/p>\n<p>Honey ist die Hauptfigur des Spiels. Sie ist dabei, zum Star im Ring aufzusteigen. Da sie noch an der Universit\u00e4t Lacroix studiert, muss sie vor ihren Freunden, Professoren und Eltern \u00fcberzeugend die Rolle der flei\u00dfigen Studentin spielen, w\u00e4hrend sie nebenbei regelm\u00e4\u00dfig mit ihrem Coach trainiert. Es gibt viel zu tun, aber nur wenig Zeit! Es ist also kein Wunder, dass sie eure Hilfe braucht.<\/p>\n<p><a href=\"http:\/\/pehesse.fr\/honey\/wp-content\/uploads\/2014\/08\/Honey_SpecialAttackCutin02.png\"><img loading=\"lazy\" class=\"alignnone wp-image-218 size-medium\" src=\"http:\/\/pehesse.fr\/honey\/wp-content\/uploads\/2014\/08\/Honey_SpecialAttackCutin02-300x300.png\" alt=\"\" width=\"300\" height=\"300\" srcset=\"http:\/\/pehesse.fr\/honey\/wp-content\/uploads\/2014\/08\/Honey_SpecialAttackCutin02-300x300.png 300w, http:\/\/pehesse.fr\/honey\/wp-content\/uploads\/2014\/08\/Honey_SpecialAttackCutin02-150x150.png 150w, http:\/\/pehesse.fr\/honey\/wp-content\/uploads\/2014\/08\/Honey_SpecialAttackCutin02.png 1000w\" sizes=\"(max-width: 300px) 100vw, 300px\" \/><\/a><iframe src=\"http:\/\/gfycat.com\/ifr\/CrazyBlissfulItalianbrownbear\" width=\"225\" height=\"244\" frameborder=\"0\" scrolling=\"no\"><\/iframe><iframe src=\"http:\/\/gfycat.com\/ifr\/OddballSoulfulGalago\" width=\"276\" height=\"319\" frameborder=\"0\" scrolling=\"no\"><\/iframe><\/p>\n<p><a href=\"http:\/\/pehesse.fr\/honey\/wp-content\/uploads\/2014\/08\/MatchIntro_Eyes_LittleSun.png\"><img loading=\"lazy\" class=\"alignnone wp-image-266 size-medium\" src=\"http:\/\/pehesse.fr\/honey\/wp-content\/uploads\/2014\/08\/MatchIntro_Eyes_LittleSun-300x108.png\" alt=\"\" width=\"300\" height=\"108\" srcset=\"http:\/\/pehesse.fr\/honey\/wp-content\/uploads\/2014\/08\/MatchIntro_Eyes_LittleSun-300x108.png 300w, http:\/\/pehesse.fr\/honey\/wp-content\/uploads\/2014\/08\/MatchIntro_Eyes_LittleSun.png 1024w\" sizes=\"(max-width: 300px) 100vw, 300px\" \/><\/a><strong>\u00a0\u00a0\u00a0\u00a0 LITTLE SUN<\/strong><\/p>\n<p>Little Sun ist Honeys erste offizielle Gegnerin. Sie ist selbst Newcomerin im Ring, konnte aber dank ihres akrobatischen Kampfstils schnell aufsteigen. Wird Honey dieser energischen Kontrahentin etwas entgegensetzen k\u00f6nnen?<\/p>\n<p><iframe src=\"http:\/\/gfycat.com\/ifr\/LargeEnergeticAchillestang\" width=\"181\" height=\"212\" frameborder=\"0\" scrolling=\"no\"><\/iframe><iframe src=\"http:\/\/gfycat.com\/ifr\/HeartfeltBiodegradableLcont\" width=\"271\" height=\"223\" frameborder=\"0\" scrolling=\"no\"><\/iframe><iframe src=\"http:\/\/gfycat.com\/ifr\/ImmenseHideousJanenschia\" width=\"472\" height=\"244\" frameborder=\"0\" scrolling=\"no\"><\/iframe><\/p>\n<p><a href=\"http:\/\/pehesse.fr\/honey\/wp-content\/uploads\/2014\/08\/MatchIntro_Eyes_CarrionWind.png\"><img loading=\"lazy\" class=\"alignnone wp-image-267 size-medium\" src=\"http:\/\/pehesse.fr\/honey\/wp-content\/uploads\/2014\/08\/MatchIntro_Eyes_CarrionWind-300x116.png\" alt=\"\" width=\"300\" height=\"116\" srcset=\"http:\/\/pehesse.fr\/honey\/wp-content\/uploads\/2014\/08\/MatchIntro_Eyes_CarrionWind-300x116.png 300w, http:\/\/pehesse.fr\/honey\/wp-content\/uploads\/2014\/08\/MatchIntro_Eyes_CarrionWind.png 1024w\" sizes=\"(max-width: 300px) 100vw, 300px\" \/><\/a><strong>\u00a0\u00a0\u00a0\u00a0 CARRION WIND<\/strong><\/p>\n<p>Diese Newcomerin hat es geschafft, die Herzen des Publikums durch ihr imposantes Auftreten und ihre beeindruckenden Kampff\u00e4higkeiten zu erobern. Sie ist die Favoritin des Turniers. Ob Honey es schafft, diese aufstrebende Herausfoderin einzuholen?<\/p>\n<p><iframe src=\"http:\/\/gfycat.com\/ifr\/VariableAllDogwoodtwigborer\" width=\"264\" height=\"251\" frameborder=\"0\" scrolling=\"no\"><\/iframe><iframe src=\"http:\/\/gfycat.com\/ifr\/IdolizedDisastrousBullmastiff\" width=\"194\" height=\"305\" frameborder=\"0\" scrolling=\"no\"><\/iframe><\/p>\n<p><a href=\"http:\/\/pehesse.fr\/honey\/wp-content\/uploads\/2014\/08\/MatchIntro_BigBluePortrait.png\"><img loading=\"lazy\" class=\"alignnone wp-image-268 size-medium\" src=\"http:\/\/pehesse.fr\/honey\/wp-content\/uploads\/2014\/08\/MatchIntro_BigBluePortrait-300x298.png\" alt=\"\" width=\"300\" height=\"298\" srcset=\"http:\/\/pehesse.fr\/honey\/wp-content\/uploads\/2014\/08\/MatchIntro_BigBluePortrait-300x298.png 300w, http:\/\/pehesse.fr\/honey\/wp-content\/uploads\/2014\/08\/MatchIntro_BigBluePortrait-150x150.png 150w, http:\/\/pehesse.fr\/honey\/wp-content\/uploads\/2014\/08\/MatchIntro_BigBluePortrait.png 1000w\" sizes=\"(max-width: 300px) 100vw, 300px\" \/><\/a><strong>\u00a0\u00a0\u00a0\u00a0 BIG BLUE<\/strong><\/p>\n<p>Sie ist eine Legende im Ring und Honeys gro\u00dfes Vorbild. Big Blue ist au\u00dferdem die letzte H\u00fcrde auf dem Weg nach ganz oben. Als gr\u00f6\u00dfter Fan wei\u00df Honey so viel \u00fcber sie wie niemand sonst \u2026 oder doch nicht?<\/p>\n<p><strong><em><b>Au\u00dferdem dabei:<\/b><\/em><\/strong><\/p>\n<p><a href=\"http:\/\/pehesse.fr\/honey\/wp-content\/uploads\/2014\/08\/012.png\"><img loading=\"lazy\" class=\"alignnone wp-image-366 size-medium\" src=\"http:\/\/pehesse.fr\/honey\/wp-content\/uploads\/2014\/08\/012-180x300.png\" alt=\"\" width=\"180\" height=\"300\" srcset=\"http:\/\/pehesse.fr\/honey\/wp-content\/uploads\/2014\/08\/012-180x300.png 180w, http:\/\/pehesse.fr\/honey\/wp-content\/uploads\/2014\/08\/012-90x150.png 90w, http:\/\/pehesse.fr\/honey\/wp-content\/uploads\/2014\/08\/012.png 400w\" sizes=\"(max-width: 180px) 100vw, 180px\" \/><\/a> <a href=\"http:\/\/pehesse.fr\/honey\/wp-content\/uploads\/2014\/08\/05.png\"><img loading=\"lazy\" class=\"alignnone wp-image-367 size-medium\" src=\"http:\/\/pehesse.fr\/honey\/wp-content\/uploads\/2014\/08\/05-180x300.png\" alt=\"\" width=\"180\" height=\"300\" srcset=\"http:\/\/pehesse.fr\/honey\/wp-content\/uploads\/2014\/08\/05-180x300.png 180w, http:\/\/pehesse.fr\/honey\/wp-content\/uploads\/2014\/08\/05-90x150.png 90w, http:\/\/pehesse.fr\/honey\/wp-content\/uploads\/2014\/08\/05.png 400w\" sizes=\"(max-width: 180px) 100vw, 180px\" \/><\/a> <a href=\"http:\/\/pehesse.fr\/honey\/wp-content\/uploads\/2014\/08\/06.png\"><img loading=\"lazy\" class=\"alignnone wp-image-369 size-medium\" src=\"http:\/\/pehesse.fr\/honey\/wp-content\/uploads\/2014\/08\/06-180x300.png\" alt=\"\" width=\"180\" height=\"300\" srcset=\"http:\/\/pehesse.fr\/honey\/wp-content\/uploads\/2014\/08\/06-180x300.png 180w, http:\/\/pehesse.fr\/honey\/wp-content\/uploads\/2014\/08\/06-90x150.png 90w, http:\/\/pehesse.fr\/honey\/wp-content\/uploads\/2014\/08\/06.png 400w\" sizes=\"(max-width: 180px) 100vw, 180px\" \/><\/a><\/p>\n<p><strong>Coach<\/strong>: Wer die Nummer 1 im Turniers werden will, sollte ihn um Rat bitten. Der Coach geht mit Honey durch dick und d\u00fcnn, den Grund daf\u00fcr beh\u00e4lt er aber lieber f\u00fcr sich.<\/p>\n<p><strong>Curtis<\/strong>: Als selbst ernannter gr\u00f6\u00dfter Turnierfan ist Curtis eure Quelle f\u00fcr jeden Klatsch rund um offizielle K\u00e4mpfe. Mit dieser Menge an Wissen ist es beeindruckend und tragisch zugleich, dass er in seinen Pr\u00fcfungen so schlecht abschneidet. Vielleicht gibt es aber auch einen anderen Grund daf\u00fcr, dass er so schlecht ist \u2026 ?<\/p>\n<p><strong>Karine<\/strong>: Sie ist eine treue Freundin und Honeys erster Ansprechpartner, wenn sie Hilfe im Studium braucht. Wenn Honey mal wieder eine Vorlesung schw\u00e4nzt, tut Karine ihr Bestes, damit es niemandem auff\u00e4llt &#8211; aber nat\u00fcrlich nur zu einem gewissen Grad. Au\u00dferdem hilft sie Honey gerne, in der Bibliothek B\u00fccher zu w\u00e4lzen und sich auf den Abschluss vorzubereiten.<\/p>\n<p><a href=\"http:\/\/pehesse.fr\/honey\/wp-content\/uploads\/2014\/08\/013.png\"><img loading=\"lazy\" class=\"alignnone wp-image-370 size-medium\" src=\"http:\/\/pehesse.fr\/honey\/wp-content\/uploads\/2014\/08\/013-180x300.png\" alt=\"\" width=\"180\" height=\"300\" srcset=\"http:\/\/pehesse.fr\/honey\/wp-content\/uploads\/2014\/08\/013-180x300.png 180w, http:\/\/pehesse.fr\/honey\/wp-content\/uploads\/2014\/08\/013-90x150.png 90w, http:\/\/pehesse.fr\/honey\/wp-content\/uploads\/2014\/08\/013.png 400w\" sizes=\"(max-width: 180px) 100vw, 180px\" \/><\/a>\u00a0 <a href=\"http:\/\/pehesse.fr\/honey\/wp-content\/uploads\/2014\/08\/014.png\"><img loading=\"lazy\" class=\"alignnone wp-image-371 size-medium\" src=\"http:\/\/pehesse.fr\/honey\/wp-content\/uploads\/2014\/08\/014-180x300.png\" alt=\"\" width=\"180\" height=\"300\" srcset=\"http:\/\/pehesse.fr\/honey\/wp-content\/uploads\/2014\/08\/014-180x300.png 180w, http:\/\/pehesse.fr\/honey\/wp-content\/uploads\/2014\/08\/014-90x150.png 90w, http:\/\/pehesse.fr\/honey\/wp-content\/uploads\/2014\/08\/014.png 400w\" sizes=\"(max-width: 180px) 100vw, 180px\" \/><\/a><a href=\"http:\/\/pehesse.fr\/honey\/wp-content\/uploads\/2014\/08\/015.png\"><img loading=\"lazy\" class=\"alignnone wp-image-372 size-medium\" src=\"http:\/\/pehesse.fr\/honey\/wp-content\/uploads\/2014\/08\/015-180x300.png\" alt=\"\" width=\"180\" height=\"300\" srcset=\"http:\/\/pehesse.fr\/honey\/wp-content\/uploads\/2014\/08\/015-180x300.png 180w, http:\/\/pehesse.fr\/honey\/wp-content\/uploads\/2014\/08\/015-90x150.png 90w, http:\/\/pehesse.fr\/honey\/wp-content\/uploads\/2014\/08\/015.png 400w\" sizes=\"(max-width: 180px) 100vw, 180px\" \/><\/a><\/p>\n<p><strong>Alice<\/strong>: Sie ist schon ewig mit Honey befreundet und begeistert sich f\u00fcr alles rund um das Turnier. Sie gibt sich zwar M\u00fche in der Uni, manchmal schw\u00e4nzt aber auch sie die Vorlesungen, um in der Stadt die neuesten Flyer f\u00fcr kommende K\u00e4mpfe zu bestaunen.<\/p>\n<p><strong>Leslie<\/strong>: Leslie ist eine nervige Streberin aus gutem Hause. Ihr gelingt einfach alles. Sie und Honey haben eine gemeinsame Vergangenheit, auch wenn die beiden zur Zeit kaum etwas verbindet. Dennoch hat Leslie es sich zur Aufgabe gemacht, Honey zu Kontinuit\u00e4t und Durchhalteverm\u00f6gen anzutreiben.<\/p>\n<p><strong>Dad<\/strong>: Dad ist der strenge Begleiter in Honeys Zukunft. Er selbst ist ein ber\u00fchmter Meeresbiologe und hat Honey dabei geholfen, die jetzige Laufbahn an der Universit\u00e4t Lacroix einzuschlagen. Er ist sehr geduldig mit seiner Tochter und hat ihr auch schon so einiges durchgehen lassen. Achtet also darauf, dass seine Geduld nicht bald ein Ende findet.<\/p>\n<p><a href=\"http:\/\/pehesse.fr\/honey\/wp-content\/uploads\/2014\/08\/016.png\"><img loading=\"lazy\" class=\"alignnone wp-image-373 size-medium\" src=\"http:\/\/pehesse.fr\/honey\/wp-content\/uploads\/2014\/08\/016-180x300.png\" alt=\"\" width=\"180\" height=\"300\" srcset=\"http:\/\/pehesse.fr\/honey\/wp-content\/uploads\/2014\/08\/016-180x300.png 180w, http:\/\/pehesse.fr\/honey\/wp-content\/uploads\/2014\/08\/016-90x150.png 90w, http:\/\/pehesse.fr\/honey\/wp-content\/uploads\/2014\/08\/016.png 400w\" sizes=\"(max-width: 180px) 100vw, 180px\" \/><\/a><a href=\"http:\/\/pehesse.fr\/honey\/wp-content\/uploads\/2014\/08\/01.png\"><img loading=\"lazy\" class=\"alignnone wp-image-348 size-medium\" src=\"http:\/\/pehesse.fr\/honey\/wp-content\/uploads\/2014\/08\/01-180x300.png\" alt=\"\" width=\"180\" height=\"300\" srcset=\"http:\/\/pehesse.fr\/honey\/wp-content\/uploads\/2014\/08\/01-180x300.png 180w, http:\/\/pehesse.fr\/honey\/wp-content\/uploads\/2014\/08\/01-90x150.png 90w, http:\/\/pehesse.fr\/honey\/wp-content\/uploads\/2014\/08\/01.png 400w\" sizes=\"(max-width: 180px) 100vw, 180px\" \/><\/a><a href=\"http:\/\/pehesse.fr\/honey\/wp-content\/uploads\/2014\/08\/011.png\"><img loading=\"lazy\" class=\"alignnone wp-image-349 size-medium\" src=\"http:\/\/pehesse.fr\/honey\/wp-content\/uploads\/2014\/08\/011-180x300.png\" alt=\"\" width=\"180\" height=\"300\" srcset=\"http:\/\/pehesse.fr\/honey\/wp-content\/uploads\/2014\/08\/011-180x300.png 180w, http:\/\/pehesse.fr\/honey\/wp-content\/uploads\/2014\/08\/011-90x150.png 90w, http:\/\/pehesse.fr\/honey\/wp-content\/uploads\/2014\/08\/011.png 400w\" sizes=\"(max-width: 180px) 100vw, 180px\" \/><\/a><\/p>\n<p><strong>Mom<\/strong>: Sie spielt eine wichtige Rolle in Honeys Gegenwart. Sie ist immer zur Stelle und sorgt daf\u00fcr, dass ihr auch nichts vergisst: vom Lernen \u00fcber Pr\u00fcfungen bis hin zur p\u00fcnktlichen Heimfahrt, damit ihr euch ausreichend erholen k\u00f6nnt. Und was k\u00f6nnte wichtiger sein als der Uni-Abschluss?<\/p>\n<p><strong>Mr. Nader<\/strong>: Mr. Nader unterrichtet Linguistik an der Universit\u00e4t Lacroix. Er kannte Honey schon, als sie noch Lingusitik im Hauptfach studiert hat. Obwohl sie inzwischen gewechselt hat, gibt er sein Bestes, Honey bis zum Abschluss zu begleiten \u2026 oder auch nur den Weg zur\u00fcck in die Uni zu finden, wenn sie mal wieder zu lange fehlt.<\/p>\n<p><strong>The Shady Guy:<\/strong> \u2026 eine echte Plage. Honey wird auf der Stra\u00dfe h\u00e4ufig Dieben begegnen, die es auf ihren wertvollsten Besitz abgesehen haben: ihren Kampfanzug. Passt also auf, dass Honey nicht kurz vor einem Match ausgeraubt wird!<\/p>\n<p><em><i>\u2026 und viele mehr!<\/i><\/em><\/p>\n","protected":false},"excerpt":{"rendered":"<p>\u00a0\u00a0\u00a0\u00a0 HONEY ROSE Honey ist die Hauptfigur des Spiels. Sie ist dabei, zum Star im Ring aufzusteigen. Da sie noch an der Universit\u00e4t Lacroix studiert, muss sie vor ihren Freunden, Professoren und Eltern \u00fcberzeugend die Rolle der flei\u00dfigen Studentin spielen, w\u00e4hrend sie nebenbei regelm\u00e4\u00dfig mit ihrem Coach trainiert. Es gibt\u2026<\/p>\n<p> <a class=\"continue-reading-link\" href=\"http:\/\/pehesse.fr\/honey\/de\/spielinfo\/figuren\/\"><span>Continue reading<\/span><i class=\"crycon-right-dir\"><\/i><\/a> <\/p>\n","protected":false},"author":1,"featured_media":0,"parent":498,"menu_order":0,"comment_status":"open","ping_status":"open","template":"templates\/template-threecolumns-center.php","meta":[],"_links":{"self":[{"href":"http:\/\/pehesse.fr\/honey\/wp-json\/wp\/v2\/pages\/540"}],"collection":[{"href":"http:\/\/pehesse.fr\/honey\/wp-json\/wp\/v2\/pages"}],"about":[{"href":"http:\/\/pehesse.fr\/honey\/wp-json\/wp\/v2\/types\/page"}],"author":[{"embeddable":true,"href":"http:\/\/pehesse.fr\/honey\/wp-json\/wp\/v2\/users\/1"}],"replies":[{"embeddable":true,"href":"http:\/\/pehesse.fr\/honey\/wp-json\/wp\/v2\/comments?post=540"}],"version-history":[{"count":2,"href":"http:\/\/pehesse.fr\/honey\/wp-json\/wp\/v2\/pages\/540\/revisions"}],"predecessor-version":[{"id":542,"href":"http:\/\/pehesse.fr\/honey\/wp-json\/wp\/v2\/pages\/540\/revisions\/542"}],"up":[{"embeddable":true,"href":"http:\/\/pehesse.fr\/honey\/wp-json\/wp\/v2\/pages\/498"}],"wp:attachment":[{"href":"http:\/\/pehesse.fr\/honey\/wp-json\/wp\/v2\/media?parent=540"}],"curies":[{"name":"wp","href":"https:\/\/api.w.org\/{rel}","templated":true}]}}