{"id":543,"date":"2016-07-03T17:49:45","date_gmt":"2016-07-03T17:49:45","guid":{"rendered":"http:\/\/pehesse.fr\/honey\/?page_id=543"},"modified":"2016-07-03T17:49:45","modified_gmt":"2016-07-03T17:49:45","slug":"spielmechanik","status":"publish","type":"page","link":"http:\/\/pehesse.fr\/honey\/de\/spielinfo\/spielmechanik\/","title":{"rendered":"Spielmechanik"},"content":{"rendered":"<p><strong>DAS SPIEL<\/strong><\/p>\n<p>Im Spiel helft ihr Honey dabei, sowohl das Studentenleben mit all seinen Pflichten zu meistern als auch ihren heimlichen Traum vom Star im Ring wahr werden zu lassen.<\/p>\n<p><b>\u00dcberlegt gut, wie sie ihre Zeit verbringt<\/b>, damit sie f\u00fcr alle Herausforderungen gewappnet ist:<b> furchterregende Gegner in der Nacht<\/b> und <b>harte Pr\u00fcfungen am Tag<\/b>.<\/p>\n<p><strong>VISUAL NOVEL<br \/>\n<\/strong><\/p>\n<p><em>Alltag, Planung, Entscheidungen und Konsequenzen, Reaktivit\u00e4t<\/em><a href=\"http:\/\/pehesse.fr\/honey\/wp-content\/uploads\/2014\/08\/011.jpg\"><br \/>\n<\/a><\/p>\n<p><a href=\"http:\/\/pehesse.fr\/honey\/wp-content\/uploads\/2014\/08\/011.jpg\"><img loading=\"lazy\" class=\"alignnone wp-image-280 size-medium\" src=\"http:\/\/pehesse.fr\/honey\/wp-content\/uploads\/2014\/08\/011-300x224.jpg\" alt=\"\" width=\"300\" height=\"224\" srcset=\"http:\/\/pehesse.fr\/honey\/wp-content\/uploads\/2014\/08\/011-300x224.jpg 300w, http:\/\/pehesse.fr\/honey\/wp-content\/uploads\/2014\/08\/011-1024x767.jpg 1024w, http:\/\/pehesse.fr\/honey\/wp-content\/uploads\/2014\/08\/011.jpg 1463w\" sizes=\"(max-width: 300px) 100vw, 300px\" \/><\/a> <a href=\"http:\/\/pehesse.fr\/honey\/wp-content\/uploads\/2014\/08\/02.jpg\"><img loading=\"lazy\" class=\"alignnone wp-image-281 size-medium\" src=\"http:\/\/pehesse.fr\/honey\/wp-content\/uploads\/2014\/08\/02-300x224.jpg\" alt=\"\" width=\"300\" height=\"224\" srcset=\"http:\/\/pehesse.fr\/honey\/wp-content\/uploads\/2014\/08\/02-300x224.jpg 300w, http:\/\/pehesse.fr\/honey\/wp-content\/uploads\/2014\/08\/02-1024x765.jpg 1024w, http:\/\/pehesse.fr\/honey\/wp-content\/uploads\/2014\/08\/02.jpg 1464w\" sizes=\"(max-width: 300px) 100vw, 300px\" \/><\/a><\/p>\n<p>Als Studentin am Tag und n\u00e4chtliche Turnierk\u00e4mpferin muss Honey die <b>Herausforderungen ihres Doppellebens meistern<\/b>. Ihr werdet sie durch den Alltagstrott begleiten, ihr Aufgaben geben und entscheiden, wie sie auf die vielen Zufallsereignisse reagiert. Eure Aufgabe ist es, <b>ihre Werte zu verbessern<\/b>, sowohl <b>k\u00f6rperliche <\/b>(f\u00fcr K\u00e4mpfe) als auch <b>akademische <\/b>(f\u00fcr Pr\u00fcfungen). Dabei m\u00fcsst ihr ihre <b>Energie im Auge behalten<\/b> und ihren <b>Ruf verbessern<\/b>, w\u00e4hrend ihr die Fassade der einfachen Studentin aufrechterhaltet.<\/p>\n<p>W\u00e4hrend ihr im Visual Novel\/in der Lebenssimulation spielt, f\u00e4llt ihr verschiedene Entscheidungen. Diese Entscheidungen bringen alles andere ins Rollen: die Verbesserung der Werte, die jeweiligen Zufallsereignisse, das Geschehen in den Ereignissen und sogar Wendepunkte in der Story. Jede Entscheidung hat fr\u00fcher oder sp\u00e4ter Konsequenzen \u2026 vielleicht sogar dann, wenn ihr es am wenigsten erwartet!<\/p>\n<p><strong>1 vs 1-K\u00c4MPFE<\/strong><\/p>\n<p><i>Die offiziellen Turnierk\u00e4mpfe<\/i><a href=\"http:\/\/pehesse.fr\/honey\/wp-content\/uploads\/2014\/08\/011.jpg\"><br \/>\n<\/a><\/p>\n<p><a href=\"http:\/\/pehesse.fr\/honey\/wp-content\/uploads\/2014\/08\/screenfightB_04.jpg\"><img loading=\"lazy\" class=\"alignnone wp-image-351 size-medium\" src=\"http:\/\/pehesse.fr\/honey\/wp-content\/uploads\/2014\/08\/screenfightB_04-300x224.jpg\" alt=\"\" width=\"300\" height=\"224\" srcset=\"http:\/\/pehesse.fr\/honey\/wp-content\/uploads\/2014\/08\/screenfightB_04-300x224.jpg 300w, http:\/\/pehesse.fr\/honey\/wp-content\/uploads\/2014\/08\/screenfightB_04-200x150.jpg 200w, http:\/\/pehesse.fr\/honey\/wp-content\/uploads\/2014\/08\/screenfightB_04-150x112.jpg 150w, http:\/\/pehesse.fr\/honey\/wp-content\/uploads\/2014\/08\/screenfightB_04.jpg 1021w\" sizes=\"(max-width: 300px) 100vw, 300px\" \/><\/a> <a href=\"http:\/\/pehesse.fr\/honey\/wp-content\/uploads\/2014\/08\/021.jpg\"><img loading=\"lazy\" class=\"alignnone wp-image-288 size-medium\" src=\"http:\/\/pehesse.fr\/honey\/wp-content\/uploads\/2014\/08\/021-300x224.jpg\" alt=\"\" width=\"300\" height=\"224\" srcset=\"http:\/\/pehesse.fr\/honey\/wp-content\/uploads\/2014\/08\/021-300x224.jpg 300w, http:\/\/pehesse.fr\/honey\/wp-content\/uploads\/2014\/08\/021-1024x766.jpg 1024w, http:\/\/pehesse.fr\/honey\/wp-content\/uploads\/2014\/08\/021.jpg 1419w\" sizes=\"(max-width: 300px) 100vw, 300px\" \/><\/a><\/p>\n<p>Hier wird Honeys Traum vom Star im Ring wahr. Tretet gegen immer st\u00e4rkere Gegnerinnen an, von denen jede ihre eigene Taktik, spezielle Moves, St\u00e4rken und Schw\u00e4chen hat. Um zu siegen, m\u00fcsst ihr eure k\u00f6rperlichen Werte verbessern, die K\u00e4mpfe eurer Gegnerinnen ansehen, um deren Taktik zu studieren, bevor ihr gegen sie antretet \u2026 und zu guter Letzt, euer Bestes im Ring geben!<\/p>\n<p><b>Macht euch keine Sorgen, wenn Kampfspiele nicht zu euren St\u00e4rken z\u00e4hlen!<\/b> Die Kampfmechanik \u00e4hnelt eher Bossk\u00e4mpfen in Beat \u2018em ups und ben\u00f6tigen weder komplexe Tastenkombinationen noch ein gutes Timing. Eure F\u00e4higkeiten m\u00fcssen mit Honeys Werten einhergehen, damit sie gewinnt &#8211; und wenn wirklich alles schiefgeht, k\u00f6nnt ihr noch aus verschiedenen Schwierigkeitsstufen w\u00e4hlen und so jede Menge Erfahrung sammeln!<\/p>\n<p>Im Ring m\u00fcsst ihr nat\u00fcrlich die Gegnerin besiegen, aber auch <b>die Gunst der Zuschauer gewinnen<\/b>! Wenn ihr verschiedene Techniken nutzt und spezielle Voraussetzungen erf\u00fcllt, sammelt ihr Stilpunkte und steigert letztendlich euer Ansehen. K\u00f6nnt ihr in jedem Kampf euren Stil verbessern?<\/p>\n<p>Jeder Sieg im Ring bringt euch eurem Ziel n\u00e4her, aber auch bei <b>Niederlagen l\u00e4uft das Spiel weiter<\/b>. Solange ihr verhindert, dass ihr vor dem Publikum demaskiert werdet, habt ihr immer die Chance, sp\u00e4ter noch einmal gegen die Kontrahentin anzutreten. Achtet darauf, dass die Revanche stattfindet, bevor das Turnier vorbei ist, denn ihr habt nur begrenzt Zeit, den \u00a0Champion-G\u00fcrtel zu ergattern \u2026 und euren Abschluss zu machen!<\/p>\n<p><strong>1 vs MANY-K\u00c4MPFE<\/strong><\/p>\n<p><em>Schauplatz f\u00fcr Beat \u2018em ups<\/em><\/p>\n<p><a href=\"http:\/\/pehesse.fr\/honey\/wp-content\/uploads\/2014\/08\/21.jpg\" rel=\"attachment wp-att-455\"><img loading=\"lazy\" class=\"alignnone wp-image-455 size-medium\" src=\"http:\/\/pehesse.fr\/honey\/wp-content\/uploads\/2014\/08\/21-300x224.jpg\" alt=\"21\" width=\"300\" height=\"224\" srcset=\"http:\/\/pehesse.fr\/honey\/wp-content\/uploads\/2014\/08\/21-300x224.jpg 300w, http:\/\/pehesse.fr\/honey\/wp-content\/uploads\/2014\/08\/21-768x574.jpg 768w, http:\/\/pehesse.fr\/honey\/wp-content\/uploads\/2014\/08\/21-201x150.jpg 201w, http:\/\/pehesse.fr\/honey\/wp-content\/uploads\/2014\/08\/21-150x112.jpg 150w, http:\/\/pehesse.fr\/honey\/wp-content\/uploads\/2014\/08\/21.jpg 1023w\" sizes=\"(max-width: 300px) 100vw, 300px\" \/> <\/a><a href=\"http:\/\/pehesse.fr\/honey\/wp-content\/uploads\/2014\/08\/18.jpg\" rel=\"attachment wp-att-465\"><img loading=\"lazy\" class=\"alignnone size-medium wp-image-465\" src=\"http:\/\/pehesse.fr\/honey\/wp-content\/uploads\/2014\/08\/18-300x226.jpg\" alt=\"18\" width=\"300\" height=\"226\" srcset=\"http:\/\/pehesse.fr\/honey\/wp-content\/uploads\/2014\/08\/18-300x226.jpg 300w, http:\/\/pehesse.fr\/honey\/wp-content\/uploads\/2014\/08\/18-768x578.jpg 768w, http:\/\/pehesse.fr\/honey\/wp-content\/uploads\/2014\/08\/18-199x150.jpg 199w, http:\/\/pehesse.fr\/honey\/wp-content\/uploads\/2014\/08\/18-150x113.jpg 150w, http:\/\/pehesse.fr\/honey\/wp-content\/uploads\/2014\/08\/18.jpg 1022w\" sizes=\"(max-width: 300px) 100vw, 300px\" \/><\/a><\/p>\n<p>An manchen Tagen habt ihr die Gelegenheit, eure Kampff\u00e4higkeiten au\u00dferhalb des Rings zu testen. Diese K\u00e4mpfe sind <b>nicht reguliert<\/b> und laufen fernab des Turniers, aber ihr m\u00fcsst dennoch euer Bestes geben! Egal, ob ihr <b>Unschuldige verteidigt<\/b>, euren <b>Kampfanzug zur\u00fcckerobert<\/b> oder <b>euren Ruf verteidigt<\/b>, manchmal werdet ihr eure Maske Tag und Nacht anlegen m\u00fcssen.<\/p>\n","protected":false},"excerpt":{"rendered":"<p>DAS SPIEL Im Spiel helft ihr Honey dabei, sowohl das Studentenleben mit all seinen Pflichten zu meistern als auch ihren heimlichen Traum vom Star im Ring wahr werden zu lassen. \u00dcberlegt gut, wie sie ihre Zeit verbringt, damit sie f\u00fcr alle Herausforderungen gewappnet ist: furchterregende Gegner in der Nacht und\u2026<\/p>\n<p> <a class=\"continue-reading-link\" href=\"http:\/\/pehesse.fr\/honey\/de\/spielinfo\/spielmechanik\/\"><span>Continue reading<\/span><i class=\"crycon-right-dir\"><\/i><\/a> <\/p>\n","protected":false},"author":1,"featured_media":0,"parent":498,"menu_order":0,"comment_status":"open","ping_status":"open","template":"templates\/template-threecolumns-center.php","meta":[],"_links":{"self":[{"href":"http:\/\/pehesse.fr\/honey\/wp-json\/wp\/v2\/pages\/543"}],"collection":[{"href":"http:\/\/pehesse.fr\/honey\/wp-json\/wp\/v2\/pages"}],"about":[{"href":"http:\/\/pehesse.fr\/honey\/wp-json\/wp\/v2\/types\/page"}],"author":[{"embeddable":true,"href":"http:\/\/pehesse.fr\/honey\/wp-json\/wp\/v2\/users\/1"}],"replies":[{"embeddable":true,"href":"http:\/\/pehesse.fr\/honey\/wp-json\/wp\/v2\/comments?post=543"}],"version-history":[{"count":1,"href":"http:\/\/pehesse.fr\/honey\/wp-json\/wp\/v2\/pages\/543\/revisions"}],"predecessor-version":[{"id":544,"href":"http:\/\/pehesse.fr\/honey\/wp-json\/wp\/v2\/pages\/543\/revisions\/544"}],"up":[{"embeddable":true,"href":"http:\/\/pehesse.fr\/honey\/wp-json\/wp\/v2\/pages\/498"}],"wp:attachment":[{"href":"http:\/\/pehesse.fr\/honey\/wp-json\/wp\/v2\/media?parent=543"}],"curies":[{"name":"wp","href":"https:\/\/api.w.org\/{rel}","templated":true}]}}