{"id":549,"date":"2016-07-03T17:53:05","date_gmt":"2016-07-03T17:53:05","guid":{"rendered":"http:\/\/pehesse.fr\/honey\/?page_id=549"},"modified":"2016-07-03T17:53:05","modified_gmt":"2016-07-03T17:53:05","slug":"musik","status":"publish","type":"page","link":"http:\/\/pehesse.fr\/honey\/de\/musik\/","title":{"rendered":"Musik"},"content":{"rendered":"<p>Hier hab ihr mal ein paar H\u00f6rproben aus dem Soundtrack von Morusque!<\/p>\n<p><iframe src=\"https:\/\/w.soundcloud.com\/player\/?url=https%3A\/\/api.soundcloud.com\/tracks\/230349489&amp;auto_play=false&amp;hide_related=false&amp;show_comments=true&amp;show_user=true&amp;show_reposts=false&amp;visual=true\" width=\"100%\" height=\"180\" frameborder=\"no\" scrolling=\"no\"><\/iframe><\/p>\n<p><iframe src=\"https:\/\/w.soundcloud.com\/player\/?url=https%3A\/\/api.soundcloud.com\/tracks\/230349502&amp;auto_play=false&amp;hide_related=false&amp;show_comments=true&amp;show_user=true&amp;show_reposts=false&amp;visual=true\" width=\"100%\" height=\"180\" frameborder=\"no\" scrolling=\"no\"><\/iframe><\/p>\n<p><iframe src=\"https:\/\/w.soundcloud.com\/player\/?url=https%3A\/\/api.soundcloud.com\/tracks\/230349466&amp;auto_play=false&amp;hide_related=false&amp;show_comments=true&amp;show_user=true&amp;show_reposts=false&amp;visual=true\" width=\"100%\" height=\"180\" frameborder=\"no\" scrolling=\"no\"><\/iframe><\/p>\n<p><a href=\"http:\/\/pehesse.fr\/honey\/wp-content\/uploads\/2015\/10\/albumcover600.png\"><img loading=\"lazy\" class=\"size-full wp-image-429 aligncenter\" src=\"http:\/\/pehesse.fr\/honey\/wp-content\/uploads\/2015\/10\/albumcover600.png\" alt=\"albumcover600\" width=\"600\" height=\"600\" srcset=\"http:\/\/pehesse.fr\/honey\/wp-content\/uploads\/2015\/10\/albumcover600.png 600w, http:\/\/pehesse.fr\/honey\/wp-content\/uploads\/2015\/10\/albumcover600-150x150.png 150w, http:\/\/pehesse.fr\/honey\/wp-content\/uploads\/2015\/10\/albumcover600-300x300.png 300w\" sizes=\"(max-width: 600px) 100vw, 600px\" \/><\/a><\/p>\n<p style=\"text-align: center;\">Den vollst\u00e4ndigen Soundtrack k\u00f6nnt ihr separat kaufen, sobald das Spiel ver\u00f6ffentlicht ist!<\/p>\n","protected":false},"excerpt":{"rendered":"<p>Hier hab ihr mal ein paar H\u00f6rproben aus dem Soundtrack von Morusque! Den vollst\u00e4ndigen Soundtrack k\u00f6nnt ihr separat kaufen, sobald das Spiel ver\u00f6ffentlicht ist!<\/p>\n<p> <a class=\"continue-reading-link\" href=\"http:\/\/pehesse.fr\/honey\/de\/musik\/\"><span>Continue reading<\/span><i class=\"crycon-right-dir\"><\/i><\/a> <\/p>\n","protected":false},"author":1,"featured_media":0,"parent":0,"menu_order":0,"comment_status":"closed","ping_status":"closed","template":"templates\/template-threecolumns-center.php","meta":[],"_links":{"self":[{"href":"http:\/\/pehesse.fr\/honey\/wp-json\/wp\/v2\/pages\/549"}],"collection":[{"href":"http:\/\/pehesse.fr\/honey\/wp-json\/wp\/v2\/pages"}],"about":[{"href":"http:\/\/pehesse.fr\/honey\/wp-json\/wp\/v2\/types\/page"}],"author":[{"embeddable":true,"href":"http:\/\/pehesse.fr\/honey\/wp-json\/wp\/v2\/users\/1"}],"replies":[{"embeddable":true,"href":"http:\/\/pehesse.fr\/honey\/wp-json\/wp\/v2\/comments?post=549"}],"version-history":[{"count":1,"href":"http:\/\/pehesse.fr\/honey\/wp-json\/wp\/v2\/pages\/549\/revisions"}],"predecessor-version":[{"id":550,"href":"http:\/\/pehesse.fr\/honey\/wp-json\/wp\/v2\/pages\/549\/revisions\/550"}],"wp:attachment":[{"href":"http:\/\/pehesse.fr\/honey\/wp-json\/wp\/v2\/media?parent=549"}],"curies":[{"name":"wp","href":"https:\/\/api.w.org\/{rel}","templated":true}]}}