{"id":557,"date":"2016-07-03T17:57:29","date_gmt":"2016-07-03T17:57:29","guid":{"rendered":"http:\/\/pehesse.fr\/honey\/?page_id=557"},"modified":"2016-07-03T17:57:29","modified_gmt":"2016-07-03T17:57:29","slug":"unterstutzung-bei-patreon","status":"publish","type":"page","link":"http:\/\/pehesse.fr\/honey\/de\/unterstutzung-bei-patreon\/","title":{"rendered":"UNTERST\u00dcTZUNG BEI PATREON"},"content":{"rendered":"<p>Wenn ihr die Entwicklung des Spiels unterst\u00fctzen m\u00f6chtet, k\u00f6nnt ihr das hier tun!<\/p>\n<p style=\"padding-left: 30px;\"><span style=\"color: #800000;\"><strong><a href=\"http:\/\/www.patreon.com\/pehesse\"><span style=\"color: #800000;\">Pehesse on Patreon<\/span><\/a><\/strong><\/span><\/p>\n","protected":false},"excerpt":{"rendered":"<p>Wenn ihr die Entwicklung des Spiels unterst\u00fctzen m\u00f6chtet, k\u00f6nnt ihr das hier tun! Pehesse on Patreon<\/p>\n<p> <a class=\"continue-reading-link\" href=\"http:\/\/pehesse.fr\/honey\/de\/unterstutzung-bei-patreon\/\"><span>Continue reading<\/span><i class=\"crycon-right-dir\"><\/i><\/a> <\/p>\n","protected":false},"author":1,"featured_media":0,"parent":0,"menu_order":0,"comment_status":"open","ping_status":"open","template":"","meta":[],"_links":{"self":[{"href":"http:\/\/pehesse.fr\/honey\/wp-json\/wp\/v2\/pages\/557"}],"collection":[{"href":"http:\/\/pehesse.fr\/honey\/wp-json\/wp\/v2\/pages"}],"about":[{"href":"http:\/\/pehesse.fr\/honey\/wp-json\/wp\/v2\/types\/page"}],"author":[{"embeddable":true,"href":"http:\/\/pehesse.fr\/honey\/wp-json\/wp\/v2\/users\/1"}],"replies":[{"embeddable":true,"href":"http:\/\/pehesse.fr\/honey\/wp-json\/wp\/v2\/comments?post=557"}],"version-history":[{"count":1,"href":"http:\/\/pehesse.fr\/honey\/wp-json\/wp\/v2\/pages\/557\/revisions"}],"predecessor-version":[{"id":558,"href":"http:\/\/pehesse.fr\/honey\/wp-json\/wp\/v2\/pages\/557\/revisions\/558"}],"wp:attachment":[{"href":"http:\/\/pehesse.fr\/honey\/wp-json\/wp\/v2\/media?parent=557"}],"curies":[{"name":"wp","href":"https:\/\/api.w.org\/{rel}","templated":true}]}}